{"id":296,"date":"2023-06-18T15:06:03","date_gmt":"2023-06-18T13:06:03","guid":{"rendered":"https:\/\/pferde-und-vergnuegen.de\/?page_id=296"},"modified":"2025-09-27T13:47:39","modified_gmt":"2025-09-27T11:47:39","slug":"bodenarbeit-mit-pferden","status":"publish","type":"page","link":"https:\/\/pferde-und-vergnuegen.de\/?page_id=296","title":{"rendered":"Bodenarbeit mit Pferden"},"content":{"rendered":"\n<p><\/p>\n\n\n\n<h1 class=\"wp-block-heading\"><\/h1>\n\n\n\n<p id=\"block-85906229-83c4-4bf6-ad0f-e814c9525340\">N\u00e4he Neumarkt, Freystadt, Greding, Hiltpoltstein<\/p>\n\n\n\n<figure class=\"wp-block-image\" id=\"block-4b4d3447-e181-484e-8154-199be0572869\"><img decoding=\"async\" src=\"https:\/\/pferde-und-vergnuegen.de\/wp-content\/uploads\/2020\/04\/Bodenarbeit3.jpg\" alt=\"Dieses Bild hat ein leeres Alt-Attribut. Der Dateiname ist Bodenarbeit3.jpg\"\/><\/figure>\n\n\n\n<p><\/p>\n\n\n\n<p class=\"has-large-font-size\" id=\"block-a351fae3-b46e-4e71-ae02-7364db585958\">Bodenarbeit mit Pferden<\/p>\n\n\n\n<p id=\"block-26707f32-a21d-45d7-abaf-677394df3eee\">Da ist zun\u00e4chst einmal das Geschlecht Wallach, Stute und Hengst..<br>Rasse bedingte Unterschiede und Eigenheiten..<br>Charakter Eigenschaften..<br>Vorausgegangene Pr\u00e4gungen, Erlebnisse..<br>K\u00f6rperbau, Alter, Handikaps, Ticks..<br>Ausbildungsstand..<\/p>\n\n\n\n<p id=\"block-a4d1807c-91a9-49a2-b6ec-7a9bc7a6dca4\">Der Mensch hat sich im Verlauf von Jahrhunderten viele Methoden ausgedacht Pferde zu kontrollieren, dabei wurden und werden sie leider oft noch \u00fcbelst drangsaliert\u2026.<br>Das ein Pferd ein gro\u00dfes und starkes Tier ist nicht zu \u00fcbersehen\u2026<\/p>\n\n\n\n<p id=\"block-476bb492-a87c-4833-9e40-cf5199a0eb44\">Das Pferd aber ist ein Fluchttier. Das macht es f\u00fcr den Menschen oft unberechenbar.<\/p>\n\n\n\n<p id=\"block-83631a44-f0b7-405c-8a7b-be872b5312c1\">Das Pferde die Zusammenarbeit suchen und darin wahre Meister sind, ist vielen Menschen nicht bekannt. Ein friedliches Miteinander wie in einer Herde, funktioniert nur wenn alle an einem Strang ziehen.<\/p>\n\n\n\n<p id=\"block-fd6bca2a-4cea-4fd4-bd61-e0d1012b66f7\">Wir konfrontieren Pferde, wenn wir etwas von ihnen wollen mit menschlichen Vorstellungen und Erwartungen und nichts davon geh\u00f6rt zu dem nat\u00fcrlichen Leben eines Pferdes. Der Schwerpunkt bei der Pferdeausbildung liegt h\u00e4ufig bei der Vermittlung von Techniken, reiten von Lektionen usw.<\/p>\n\n\n\n<p id=\"block-688d14fc-10b9-4438-a8e0-a51483383819\">Das dies mit einem Lebewesen, das eine eigene Pers\u00f6nlichkeit und Seele hat, geschieht, wird dabei meist ignoriert.<\/p>\n\n\n\n<p id=\"block-d06f5213-a4d4-4aa9-b6c7-59c2838e264b\"><em>So muss die Frage also lauten, m\u00f6chte wir so mit unseren Pferden umgehen?<\/em><\/p>\n\n\n\n<p id=\"block-98f2d9fa-70e0-4986-b849-0713233b42da\">Oder sollten wir unsere Verantwortung nicht darin sehen den Pferden einen angstfreien, entspannten und m\u00f6glichst artgerechten und respektvollen Umgang m\u00f6glich zu machen. Um den Pferden die M\u00f6glichkeit zu geben, in ihrer eigenen Art und eigenem Tempo lernen und verstehen zu k\u00f6nnen.<\/p>\n\n\n\n<p id=\"block-b5625d7a-293a-4037-98a7-cb5e7480df16\">Durch gezielte Bodenarbeit mit Pferden ist es m\u00f6glich Charaktereigenschaften zu beeinflussen, St\u00e4rken und Schw\u00e4chen auszugleichen, Konditionierung und Ver\u00e4nderungen von Verhaltensmustern, Muskelaufbau und ein harmonisches Miteinander von Pferd und Mensch, zu erreichen.<\/p>\n\n\n\n<p class=\"has-large-font-size\" id=\"block-d5a7083f-6a24-4245-9857-23f48d84bdb4\">Bodenarbeit mit Pferden N\u00e4he Neumarkt, Freystadt, Greding, Hiltpoltstein..<\/p>\n\n\n\n<p id=\"block-44f621f6-4c06-4789-a0f1-110e59e0a863\">Neben dem klassischen Reitunterricht lade ich Sie ein, Pferde in der Bodenarbeit auf eine ganz besondere Weise zu erleben. Hier geht es nicht um Technik allein, sondern um die Begegnung von Mensch und Tier \u2013 um N\u00e4he, Vertrauen und eine stille Sprache, die ohne Worte auskommt.<\/p>\n\n\n\n<p>Die Pferde treten dabei als feinf\u00fchlige Co-Trainer auf. Sie reagieren ehrlich und unmittelbar auf unsere Signale und schenken uns damit die M\u00f6glichkeit, uns selbst bewusster wahrzunehmen. In dieser Begegnung entsteht ein Dialog, der auf Respekt, Achtsamkeit und gegenseitigem Vertrauen basiert.<\/p>\n\n\n\n<p id=\"block-44f621f6-4c06-4789-a0f1-110e59e0a863\">Ob neugierige Jungpferde, sanfte Begleiter oder temperamentvolle Pers\u00f6nlichkeiten \u2013 jedes Tier er\u00f6ffnet einen einzigartigen Zugang. So wird jede Einheit zu einer Reise, die nicht nur die Partnerschaft mit dem Pferd vertieft, sondern auch innere Klarheit und St\u00e4rke wachsen l\u00e4sst.<br><br>Terminvereinbarung f\u00fcr:<\/p>\n\n\n\n<p class=\"has-large-font-size\" id=\"block-4a6396d4-e272-4385-b764-138e0e169651\">Bodenarbeit mit Pferden N\u00e4he Neumarkt, Freystadt Greding, Hilpoltstein<\/p>\n\n\n\n<p id=\"block-076b5f20-8fce-41ec-9484-502ff58e930f\">Weitere Fragen und eine zeitnahe und flexible Terminvereinbarung beantworte ich ihnen gerne pers\u00f6nlich unter der Rufnummer 0178 96 90 476 auch Whatsapp.<br><br><br><br><\/p>\n\n\n\n<h2 class=\"wp-block-heading\"><\/h2>\n","protected":false},"excerpt":{"rendered":"<p>N\u00e4he Neumarkt, Freystadt, Greding, Hiltpoltstein Bodenarbeit mit Pferden Da ist zun\u00e4chst einmal das Geschlecht Wallach, Stute und Hengst..Rasse bedingte Unterschiede und Eigenheiten..Charakter Eigenschaften..Vorausgegangene Pr\u00e4gungen, Erlebnisse..K\u00f6rperbau, Alter, Handikaps, Ticks..Ausbildungsstand.. Der Mensch hat sich im Verlauf von Jahrhunderten viele Methoden ausgedacht Pferde zu kontrollieren, dabei wurden und werden sie leider oft noch \u00fcbelst drangsaliert\u2026.Das ein Pferd ein [&hellip;]<\/p>\n","protected":false},"author":1,"featured_media":0,"parent":0,"menu_order":0,"comment_status":"closed","ping_status":"closed","template":"","meta":{"footnotes":""},"class_list":["post-296","page","type-page","status-publish","hentry","post-preview"],"yoast_head":"<!-- This site is optimized with the Yoast SEO plugin v27.6 - https:\/\/yoast.com\/product\/yoast-seo-wordpress\/ -->\n<title>Bodenarbeit mit Pferden &#8212; Pferde und Vergn\u00fcgen %<\/title>\n<meta name=\"description\" content=\"Reitunterricht &amp; Bodenarbeit mit Pferden bei Freystadt, Neumarkt, Greding &amp; Hilpoltstein. Individuell, klassisch, vertrauensvoll \u2013 f\u00fcr Kinder &amp; Erwachsene.\" \/>\n<meta name=\"robots\" content=\"index, follow, max-snippet:-1, max-image-preview:large, max-video-preview:-1\" \/>\n<link rel=\"canonical\" href=\"https:\/\/pferde-und-vergnuegen.de\/?page_id=296\" \/>\n<meta property=\"og:locale\" content=\"de_DE\" \/>\n<meta property=\"og:type\" content=\"article\" \/>\n<meta property=\"og:title\" content=\"Bodenarbeit mit Pferden &#8212; Pferde und Vergn\u00fcgen %\" \/>\n<meta property=\"og:description\" content=\"Reitunterricht &amp; Bodenarbeit mit Pferden bei Freystadt, Neumarkt, Greding &amp; Hilpoltstein. Individuell, klassisch, vertrauensvoll \u2013 f\u00fcr Kinder &amp; Erwachsene.\" \/>\n<meta property=\"og:url\" content=\"https:\/\/pferde-und-vergnuegen.de\/?page_id=296\" \/>\n<meta property=\"og:site_name\" content=\"Pferde und Vergn\u00fcgen\" \/>\n<meta property=\"article:modified_time\" content=\"2025-09-27T11:47:39+00:00\" \/>\n<meta property=\"og:image\" content=\"https:\/\/pferde-und-vergnuegen.de\/wp-content\/uploads\/2020\/04\/Bodenarbeit3.jpg\" \/>\n<meta name=\"twitter:card\" content=\"summary_large_image\" \/>\n<meta name=\"twitter:label1\" content=\"Gesch\u00e4tzte Lesezeit\" \/>\n\t<meta name=\"twitter:data1\" content=\"3\u00a0Minuten\" \/>\n<script type=\"application\/ld+json\" class=\"yoast-schema-graph\">{\"@context\":\"https:\\\/\\\/schema.org\",\"@graph\":[{\"@type\":\"WebPage\",\"@id\":\"https:\\\/\\\/pferde-und-vergnuegen.de\\\/?page_id=296\",\"url\":\"https:\\\/\\\/pferde-und-vergnuegen.de\\\/?page_id=296\",\"name\":\"Bodenarbeit mit Pferden &#8212; Pferde und Vergn\u00fcgen %\",\"isPartOf\":{\"@id\":\"https:\\\/\\\/pferde-und-vergnuegen.de\\\/#website\"},\"primaryImageOfPage\":{\"@id\":\"https:\\\/\\\/pferde-und-vergnuegen.de\\\/?page_id=296#primaryimage\"},\"image\":{\"@id\":\"https:\\\/\\\/pferde-und-vergnuegen.de\\\/?page_id=296#primaryimage\"},\"thumbnailUrl\":\"https:\\\/\\\/pferde-und-vergnuegen.de\\\/wp-content\\\/uploads\\\/2020\\\/04\\\/Bodenarbeit3.jpg\",\"datePublished\":\"2023-06-18T13:06:03+00:00\",\"dateModified\":\"2025-09-27T11:47:39+00:00\",\"description\":\"Reitunterricht & Bodenarbeit mit Pferden bei Freystadt, Neumarkt, Greding & Hilpoltstein. Individuell, klassisch, vertrauensvoll \u2013 f\u00fcr Kinder & Erwachsene.\",\"breadcrumb\":{\"@id\":\"https:\\\/\\\/pferde-und-vergnuegen.de\\\/?page_id=296#breadcrumb\"},\"inLanguage\":\"de\",\"potentialAction\":[{\"@type\":\"ReadAction\",\"target\":[\"https:\\\/\\\/pferde-und-vergnuegen.de\\\/?page_id=296\"]}]},{\"@type\":\"ImageObject\",\"inLanguage\":\"de\",\"@id\":\"https:\\\/\\\/pferde-und-vergnuegen.de\\\/?page_id=296#primaryimage\",\"url\":\"https:\\\/\\\/pferde-und-vergnuegen.de\\\/wp-content\\\/uploads\\\/2020\\\/04\\\/Bodenarbeit3.jpg\",\"contentUrl\":\"https:\\\/\\\/pferde-und-vergnuegen.de\\\/wp-content\\\/uploads\\\/2020\\\/04\\\/Bodenarbeit3.jpg\",\"width\":300,\"height\":430},{\"@type\":\"BreadcrumbList\",\"@id\":\"https:\\\/\\\/pferde-und-vergnuegen.de\\\/?page_id=296#breadcrumb\",\"itemListElement\":[{\"@type\":\"ListItem\",\"position\":1,\"name\":\"Startseite\",\"item\":\"https:\\\/\\\/pferde-und-vergnuegen.de\\\/\"},{\"@type\":\"ListItem\",\"position\":2,\"name\":\"Bodenarbeit mit Pferden\"}]},{\"@type\":\"WebSite\",\"@id\":\"https:\\\/\\\/pferde-und-vergnuegen.de\\\/#website\",\"url\":\"https:\\\/\\\/pferde-und-vergnuegen.de\\\/\",\"name\":\"Pferde und Vergn\u00fcgen\",\"description\":\"von und mit Pferden lernen...\",\"publisher\":{\"@id\":\"https:\\\/\\\/pferde-und-vergnuegen.de\\\/#\\\/schema\\\/person\\\/8d8b1ad26739b8c78192eb9ccd4ff21e\"},\"potentialAction\":[{\"@type\":\"SearchAction\",\"target\":{\"@type\":\"EntryPoint\",\"urlTemplate\":\"https:\\\/\\\/pferde-und-vergnuegen.de\\\/?s={search_term_string}\"},\"query-input\":{\"@type\":\"PropertyValueSpecification\",\"valueRequired\":true,\"valueName\":\"search_term_string\"}}],\"inLanguage\":\"de\"},{\"@type\":[\"Person\",\"Organization\"],\"@id\":\"https:\\\/\\\/pferde-und-vergnuegen.de\\\/#\\\/schema\\\/person\\\/8d8b1ad26739b8c78192eb9ccd4ff21e\",\"name\":\"Margot Gr\u00e4mer\",\"image\":{\"@type\":\"ImageObject\",\"inLanguage\":\"de\",\"@id\":\"https:\\\/\\\/secure.gravatar.com\\\/avatar\\\/4d5cd4b681c848bdd666a6fa2ddfdf807974c81e8180edb587f8281663cdc100?s=96&d=mm&r=g\",\"url\":\"https:\\\/\\\/secure.gravatar.com\\\/avatar\\\/4d5cd4b681c848bdd666a6fa2ddfdf807974c81e8180edb587f8281663cdc100?s=96&d=mm&r=g\",\"contentUrl\":\"https:\\\/\\\/secure.gravatar.com\\\/avatar\\\/4d5cd4b681c848bdd666a6fa2ddfdf807974c81e8180edb587f8281663cdc100?s=96&d=mm&r=g\",\"caption\":\"Margot Gr\u00e4mer\"},\"logo\":{\"@id\":\"https:\\\/\\\/secure.gravatar.com\\\/avatar\\\/4d5cd4b681c848bdd666a6fa2ddfdf807974c81e8180edb587f8281663cdc100?s=96&d=mm&r=g\"},\"sameAs\":[\"https:\\\/\\\/pferde-und-vergnuegen.de\"]}]}<\/script>\n<!-- \/ Yoast SEO plugin. -->","yoast_head_json":{"title":"Bodenarbeit mit Pferden &#8212; Pferde und Vergn\u00fcgen %","description":"Reitunterricht & Bodenarbeit mit Pferden bei Freystadt, Neumarkt, Greding & Hilpoltstein. Individuell, klassisch, vertrauensvoll \u2013 f\u00fcr Kinder & Erwachsene.","robots":{"index":"index","follow":"follow","max-snippet":"max-snippet:-1","max-image-preview":"max-image-preview:large","max-video-preview":"max-video-preview:-1"},"canonical":"https:\/\/pferde-und-vergnuegen.de\/?page_id=296","og_locale":"de_DE","og_type":"article","og_title":"Bodenarbeit mit Pferden &#8212; Pferde und Vergn\u00fcgen %","og_description":"Reitunterricht & Bodenarbeit mit Pferden bei Freystadt, Neumarkt, Greding & Hilpoltstein. Individuell, klassisch, vertrauensvoll \u2013 f\u00fcr Kinder & Erwachsene.","og_url":"https:\/\/pferde-und-vergnuegen.de\/?page_id=296","og_site_name":"Pferde und Vergn\u00fcgen","article_modified_time":"2025-09-27T11:47:39+00:00","og_image":[{"url":"https:\/\/pferde-und-vergnuegen.de\/wp-content\/uploads\/2020\/04\/Bodenarbeit3.jpg","type":"","width":"","height":""}],"twitter_card":"summary_large_image","twitter_misc":{"Gesch\u00e4tzte Lesezeit":"3\u00a0Minuten"},"schema":{"@context":"https:\/\/schema.org","@graph":[{"@type":"WebPage","@id":"https:\/\/pferde-und-vergnuegen.de\/?page_id=296","url":"https:\/\/pferde-und-vergnuegen.de\/?page_id=296","name":"Bodenarbeit mit Pferden &#8212; Pferde und Vergn\u00fcgen %","isPartOf":{"@id":"https:\/\/pferde-und-vergnuegen.de\/#website"},"primaryImageOfPage":{"@id":"https:\/\/pferde-und-vergnuegen.de\/?page_id=296#primaryimage"},"image":{"@id":"https:\/\/pferde-und-vergnuegen.de\/?page_id=296#primaryimage"},"thumbnailUrl":"https:\/\/pferde-und-vergnuegen.de\/wp-content\/uploads\/2020\/04\/Bodenarbeit3.jpg","datePublished":"2023-06-18T13:06:03+00:00","dateModified":"2025-09-27T11:47:39+00:00","description":"Reitunterricht & Bodenarbeit mit Pferden bei Freystadt, Neumarkt, Greding & Hilpoltstein. Individuell, klassisch, vertrauensvoll \u2013 f\u00fcr Kinder & Erwachsene.","breadcrumb":{"@id":"https:\/\/pferde-und-vergnuegen.de\/?page_id=296#breadcrumb"},"inLanguage":"de","potentialAction":[{"@type":"ReadAction","target":["https:\/\/pferde-und-vergnuegen.de\/?page_id=296"]}]},{"@type":"ImageObject","inLanguage":"de","@id":"https:\/\/pferde-und-vergnuegen.de\/?page_id=296#primaryimage","url":"https:\/\/pferde-und-vergnuegen.de\/wp-content\/uploads\/2020\/04\/Bodenarbeit3.jpg","contentUrl":"https:\/\/pferde-und-vergnuegen.de\/wp-content\/uploads\/2020\/04\/Bodenarbeit3.jpg","width":300,"height":430},{"@type":"BreadcrumbList","@id":"https:\/\/pferde-und-vergnuegen.de\/?page_id=296#breadcrumb","itemListElement":[{"@type":"ListItem","position":1,"name":"Startseite","item":"https:\/\/pferde-und-vergnuegen.de\/"},{"@type":"ListItem","position":2,"name":"Bodenarbeit mit Pferden"}]},{"@type":"WebSite","@id":"https:\/\/pferde-und-vergnuegen.de\/#website","url":"https:\/\/pferde-und-vergnuegen.de\/","name":"Pferde und Vergn\u00fcgen","description":"von und mit Pferden lernen...","publisher":{"@id":"https:\/\/pferde-und-vergnuegen.de\/#\/schema\/person\/8d8b1ad26739b8c78192eb9ccd4ff21e"},"potentialAction":[{"@type":"SearchAction","target":{"@type":"EntryPoint","urlTemplate":"https:\/\/pferde-und-vergnuegen.de\/?s={search_term_string}"},"query-input":{"@type":"PropertyValueSpecification","valueRequired":true,"valueName":"search_term_string"}}],"inLanguage":"de"},{"@type":["Person","Organization"],"@id":"https:\/\/pferde-und-vergnuegen.de\/#\/schema\/person\/8d8b1ad26739b8c78192eb9ccd4ff21e","name":"Margot Gr\u00e4mer","image":{"@type":"ImageObject","inLanguage":"de","@id":"https:\/\/secure.gravatar.com\/avatar\/4d5cd4b681c848bdd666a6fa2ddfdf807974c81e8180edb587f8281663cdc100?s=96&d=mm&r=g","url":"https:\/\/secure.gravatar.com\/avatar\/4d5cd4b681c848bdd666a6fa2ddfdf807974c81e8180edb587f8281663cdc100?s=96&d=mm&r=g","contentUrl":"https:\/\/secure.gravatar.com\/avatar\/4d5cd4b681c848bdd666a6fa2ddfdf807974c81e8180edb587f8281663cdc100?s=96&d=mm&r=g","caption":"Margot Gr\u00e4mer"},"logo":{"@id":"https:\/\/secure.gravatar.com\/avatar\/4d5cd4b681c848bdd666a6fa2ddfdf807974c81e8180edb587f8281663cdc100?s=96&d=mm&r=g"},"sameAs":["https:\/\/pferde-und-vergnuegen.de"]}]}},"_links":{"self":[{"href":"https:\/\/pferde-und-vergnuegen.de\/index.php?rest_route=\/wp\/v2\/pages\/296","targetHints":{"allow":["GET"]}}],"collection":[{"href":"https:\/\/pferde-und-vergnuegen.de\/index.php?rest_route=\/wp\/v2\/pages"}],"about":[{"href":"https:\/\/pferde-und-vergnuegen.de\/index.php?rest_route=\/wp\/v2\/types\/page"}],"author":[{"embeddable":true,"href":"https:\/\/pferde-und-vergnuegen.de\/index.php?rest_route=\/wp\/v2\/users\/1"}],"replies":[{"embeddable":true,"href":"https:\/\/pferde-und-vergnuegen.de\/index.php?rest_route=%2Fwp%2Fv2%2Fcomments&post=296"}],"version-history":[{"count":7,"href":"https:\/\/pferde-und-vergnuegen.de\/index.php?rest_route=\/wp\/v2\/pages\/296\/revisions"}],"predecessor-version":[{"id":348,"href":"https:\/\/pferde-und-vergnuegen.de\/index.php?rest_route=\/wp\/v2\/pages\/296\/revisions\/348"}],"wp:attachment":[{"href":"https:\/\/pferde-und-vergnuegen.de\/index.php?rest_route=%2Fwp%2Fv2%2Fmedia&parent=296"}],"curies":[{"name":"wp","href":"https:\/\/api.w.org\/{rel}","templated":true}]}}