{"id":266,"date":"2021-01-30T12:35:56","date_gmt":"2021-01-30T11:35:56","guid":{"rendered":"https:\/\/pferde-und-vergnuegen.de\/?page_id=266"},"modified":"2025-09-19T21:04:53","modified_gmt":"2025-09-19T19:04:53","slug":"anfahrt-kontakt","status":"publish","type":"page","link":"https:\/\/pferde-und-vergnuegen.de\/?page_id=266","title":{"rendered":"Anfahrt &#8211; Kontakt"},"content":{"rendered":"\n<p class=\"has-dark-gray-color has-text-color has-larger-font-size\"><strong>Anfahrtsbeschreibung <\/strong><\/p>\n\n\n\n<p class=\"has-dark-gray-color has-text-color has-large-font-size\">Reitunterricht &#8211; Bodenarbeit &#8211; Pferdeausbildung<br>Margot Gr\u00e4mer<br>H\u00f6fen 10 92342 Freystadt<\/p>\n\n\n\n<figure><iframe loading=\"lazy\" src=\"https:\/\/www.google.com\/maps\/embed?pb=!1m18!1m12!1m3!1d2219.4629278582365!2d11.341227765716637!3d49.13729928502743!2m3!1f0!2f0!3f0!3m2!1i1024!2i768!4f13.1!3m3!1m2!1s0x479f6cb5f86a0225%3A0x488e9f4485a6d170!2sH%C3%B6fen%209%2C%2092342%20Freystadt!5e1!3m2!1sde!2sde!4v1612005047147!5m2!1sde!2sde\" allowfullscreen=\"\" width=\"600\" height=\"450\"><\/iframe><\/figure>\n\n\n\n<p><\/p>\n\n\n\n<p class=\"has-dark-gray-color has-text-color has-large-font-size\"><strong>Kontakt<\/strong><br>Reitunterricht &#8211;  Bodenarbeit &#8211; Pferdeausbildung<br><strong>Margot Gr\u00e4mer<\/strong><\/p>\n\n\n\n<p class=\"has-dark-gray-color has-text-color has-large-font-size\"><strong>Handy: <\/strong> 0178 9690476<br>Gerne k\u00f6nnen sie mich jederzeit unter der o.g. Nummer erreichen. <br>Auch \u00fcber <\/p>\n\n\n\n<p class=\"has-dark-gray-color has-text-color has-large-font-size\"><strong>WhatsApp &amp; Telegram <\/strong><br><br>oder<br><strong>Email: <\/strong> margotgraemer@gmail.com<br><br><br><strong>Margot Gr\u00e4mer<br>H\u00f6fen 10<br>92342 Freystadt<\/strong><\/p>\n","protected":false},"excerpt":{"rendered":"<p>Anfahrtsbeschreibung Reitunterricht &#8211; Bodenarbeit &#8211; PferdeausbildungMargot Gr\u00e4merH\u00f6fen 10 92342 Freystadt KontaktReitunterricht &#8211; Bodenarbeit &#8211; PferdeausbildungMargot Gr\u00e4mer Handy: 0178 9690476Gerne k\u00f6nnen sie mich jederzeit unter der o.g. Nummer erreichen. Auch \u00fcber WhatsApp &amp; Telegram oderEmail: margotgraemer@gmail.com Margot Gr\u00e4merH\u00f6fen 1092342 Freystadt<\/p>\n","protected":false},"author":1,"featured_media":0,"parent":0,"menu_order":0,"comment_status":"closed","ping_status":"closed","template":"","meta":{"footnotes":""},"class_list":["post-266","page","type-page","status-publish","hentry","post-preview"],"yoast_head":"<!-- This site is optimized with the Yoast SEO plugin v27.6 - https:\/\/yoast.com\/product\/yoast-seo-wordpress\/ -->\n<title>Anfahrt - Kontakt &#8212; Pferde und Vergn\u00fcgen<\/title>\n<meta name=\"description\" content=\"Reitunterricht, Bodenarbeit, Pferdeausbildung Margot Gr\u00e4mer H\u00f6fen 9, 92342 Freystadt Anfahrtsbeschreibung, Kontakt,\" \/>\n<meta name=\"robots\" content=\"index, follow, max-snippet:-1, max-image-preview:large, max-video-preview:-1\" \/>\n<link rel=\"canonical\" href=\"https:\/\/pferde-und-vergnuegen.de\/?page_id=266\" \/>\n<meta property=\"og:locale\" content=\"de_DE\" \/>\n<meta property=\"og:type\" content=\"article\" \/>\n<meta property=\"og:title\" content=\"Anfahrt - Kontakt &#8212; Pferde und Vergn\u00fcgen\" \/>\n<meta property=\"og:description\" content=\"Reitunterricht, Bodenarbeit, Pferdeausbildung Margot Gr\u00e4mer H\u00f6fen 9, 92342 Freystadt Anfahrtsbeschreibung, Kontakt,\" \/>\n<meta property=\"og:url\" content=\"https:\/\/pferde-und-vergnuegen.de\/?page_id=266\" \/>\n<meta property=\"og:site_name\" content=\"Pferde und Vergn\u00fcgen\" \/>\n<meta property=\"article:modified_time\" content=\"2025-09-19T19:04:53+00:00\" \/>\n<meta name=\"twitter:card\" content=\"summary_large_image\" \/>\n<meta name=\"twitter:label1\" content=\"Gesch\u00e4tzte Lesezeit\" \/>\n\t<meta name=\"twitter:data1\" content=\"1\u00a0Minute\" \/>\n<script type=\"application\/ld+json\" class=\"yoast-schema-graph\">{\"@context\":\"https:\\\/\\\/schema.org\",\"@graph\":[{\"@type\":\"WebPage\",\"@id\":\"https:\\\/\\\/pferde-und-vergnuegen.de\\\/?page_id=266\",\"url\":\"https:\\\/\\\/pferde-und-vergnuegen.de\\\/?page_id=266\",\"name\":\"Anfahrt - Kontakt &#8212; Pferde und Vergn\u00fcgen\",\"isPartOf\":{\"@id\":\"https:\\\/\\\/pferde-und-vergnuegen.de\\\/#website\"},\"datePublished\":\"2021-01-30T11:35:56+00:00\",\"dateModified\":\"2025-09-19T19:04:53+00:00\",\"description\":\"Reitunterricht, Bodenarbeit, Pferdeausbildung Margot Gr\u00e4mer H\u00f6fen 9, 92342 Freystadt Anfahrtsbeschreibung, Kontakt,\",\"breadcrumb\":{\"@id\":\"https:\\\/\\\/pferde-und-vergnuegen.de\\\/?page_id=266#breadcrumb\"},\"inLanguage\":\"de\",\"potentialAction\":[{\"@type\":\"ReadAction\",\"target\":[\"https:\\\/\\\/pferde-und-vergnuegen.de\\\/?page_id=266\"]}]},{\"@type\":\"BreadcrumbList\",\"@id\":\"https:\\\/\\\/pferde-und-vergnuegen.de\\\/?page_id=266#breadcrumb\",\"itemListElement\":[{\"@type\":\"ListItem\",\"position\":1,\"name\":\"Startseite\",\"item\":\"https:\\\/\\\/pferde-und-vergnuegen.de\\\/\"},{\"@type\":\"ListItem\",\"position\":2,\"name\":\"Anfahrt &#8211; Kontakt\"}]},{\"@type\":\"WebSite\",\"@id\":\"https:\\\/\\\/pferde-und-vergnuegen.de\\\/#website\",\"url\":\"https:\\\/\\\/pferde-und-vergnuegen.de\\\/\",\"name\":\"Pferde und Vergn\u00fcgen\",\"description\":\"von und mit Pferden lernen...\",\"publisher\":{\"@id\":\"https:\\\/\\\/pferde-und-vergnuegen.de\\\/#\\\/schema\\\/person\\\/8d8b1ad26739b8c78192eb9ccd4ff21e\"},\"potentialAction\":[{\"@type\":\"SearchAction\",\"target\":{\"@type\":\"EntryPoint\",\"urlTemplate\":\"https:\\\/\\\/pferde-und-vergnuegen.de\\\/?s={search_term_string}\"},\"query-input\":{\"@type\":\"PropertyValueSpecification\",\"valueRequired\":true,\"valueName\":\"search_term_string\"}}],\"inLanguage\":\"de\"},{\"@type\":[\"Person\",\"Organization\"],\"@id\":\"https:\\\/\\\/pferde-und-vergnuegen.de\\\/#\\\/schema\\\/person\\\/8d8b1ad26739b8c78192eb9ccd4ff21e\",\"name\":\"Margot Gr\u00e4mer\",\"image\":{\"@type\":\"ImageObject\",\"inLanguage\":\"de\",\"@id\":\"https:\\\/\\\/secure.gravatar.com\\\/avatar\\\/4d5cd4b681c848bdd666a6fa2ddfdf807974c81e8180edb587f8281663cdc100?s=96&d=mm&r=g\",\"url\":\"https:\\\/\\\/secure.gravatar.com\\\/avatar\\\/4d5cd4b681c848bdd666a6fa2ddfdf807974c81e8180edb587f8281663cdc100?s=96&d=mm&r=g\",\"contentUrl\":\"https:\\\/\\\/secure.gravatar.com\\\/avatar\\\/4d5cd4b681c848bdd666a6fa2ddfdf807974c81e8180edb587f8281663cdc100?s=96&d=mm&r=g\",\"caption\":\"Margot Gr\u00e4mer\"},\"logo\":{\"@id\":\"https:\\\/\\\/secure.gravatar.com\\\/avatar\\\/4d5cd4b681c848bdd666a6fa2ddfdf807974c81e8180edb587f8281663cdc100?s=96&d=mm&r=g\"},\"sameAs\":[\"https:\\\/\\\/pferde-und-vergnuegen.de\"]}]}<\/script>\n<!-- \/ Yoast SEO plugin. -->","yoast_head_json":{"title":"Anfahrt - Kontakt &#8212; Pferde und Vergn\u00fcgen","description":"Reitunterricht, Bodenarbeit, Pferdeausbildung Margot Gr\u00e4mer H\u00f6fen 9, 92342 Freystadt Anfahrtsbeschreibung, Kontakt,","robots":{"index":"index","follow":"follow","max-snippet":"max-snippet:-1","max-image-preview":"max-image-preview:large","max-video-preview":"max-video-preview:-1"},"canonical":"https:\/\/pferde-und-vergnuegen.de\/?page_id=266","og_locale":"de_DE","og_type":"article","og_title":"Anfahrt - Kontakt &#8212; Pferde und Vergn\u00fcgen","og_description":"Reitunterricht, Bodenarbeit, Pferdeausbildung Margot Gr\u00e4mer H\u00f6fen 9, 92342 Freystadt Anfahrtsbeschreibung, Kontakt,","og_url":"https:\/\/pferde-und-vergnuegen.de\/?page_id=266","og_site_name":"Pferde und Vergn\u00fcgen","article_modified_time":"2025-09-19T19:04:53+00:00","twitter_card":"summary_large_image","twitter_misc":{"Gesch\u00e4tzte Lesezeit":"1\u00a0Minute"},"schema":{"@context":"https:\/\/schema.org","@graph":[{"@type":"WebPage","@id":"https:\/\/pferde-und-vergnuegen.de\/?page_id=266","url":"https:\/\/pferde-und-vergnuegen.de\/?page_id=266","name":"Anfahrt - Kontakt &#8212; Pferde und Vergn\u00fcgen","isPartOf":{"@id":"https:\/\/pferde-und-vergnuegen.de\/#website"},"datePublished":"2021-01-30T11:35:56+00:00","dateModified":"2025-09-19T19:04:53+00:00","description":"Reitunterricht, Bodenarbeit, Pferdeausbildung Margot Gr\u00e4mer H\u00f6fen 9, 92342 Freystadt Anfahrtsbeschreibung, Kontakt,","breadcrumb":{"@id":"https:\/\/pferde-und-vergnuegen.de\/?page_id=266#breadcrumb"},"inLanguage":"de","potentialAction":[{"@type":"ReadAction","target":["https:\/\/pferde-und-vergnuegen.de\/?page_id=266"]}]},{"@type":"BreadcrumbList","@id":"https:\/\/pferde-und-vergnuegen.de\/?page_id=266#breadcrumb","itemListElement":[{"@type":"ListItem","position":1,"name":"Startseite","item":"https:\/\/pferde-und-vergnuegen.de\/"},{"@type":"ListItem","position":2,"name":"Anfahrt &#8211; Kontakt"}]},{"@type":"WebSite","@id":"https:\/\/pferde-und-vergnuegen.de\/#website","url":"https:\/\/pferde-und-vergnuegen.de\/","name":"Pferde und Vergn\u00fcgen","description":"von und mit Pferden lernen...","publisher":{"@id":"https:\/\/pferde-und-vergnuegen.de\/#\/schema\/person\/8d8b1ad26739b8c78192eb9ccd4ff21e"},"potentialAction":[{"@type":"SearchAction","target":{"@type":"EntryPoint","urlTemplate":"https:\/\/pferde-und-vergnuegen.de\/?s={search_term_string}"},"query-input":{"@type":"PropertyValueSpecification","valueRequired":true,"valueName":"search_term_string"}}],"inLanguage":"de"},{"@type":["Person","Organization"],"@id":"https:\/\/pferde-und-vergnuegen.de\/#\/schema\/person\/8d8b1ad26739b8c78192eb9ccd4ff21e","name":"Margot Gr\u00e4mer","image":{"@type":"ImageObject","inLanguage":"de","@id":"https:\/\/secure.gravatar.com\/avatar\/4d5cd4b681c848bdd666a6fa2ddfdf807974c81e8180edb587f8281663cdc100?s=96&d=mm&r=g","url":"https:\/\/secure.gravatar.com\/avatar\/4d5cd4b681c848bdd666a6fa2ddfdf807974c81e8180edb587f8281663cdc100?s=96&d=mm&r=g","contentUrl":"https:\/\/secure.gravatar.com\/avatar\/4d5cd4b681c848bdd666a6fa2ddfdf807974c81e8180edb587f8281663cdc100?s=96&d=mm&r=g","caption":"Margot Gr\u00e4mer"},"logo":{"@id":"https:\/\/secure.gravatar.com\/avatar\/4d5cd4b681c848bdd666a6fa2ddfdf807974c81e8180edb587f8281663cdc100?s=96&d=mm&r=g"},"sameAs":["https:\/\/pferde-und-vergnuegen.de"]}]}},"_links":{"self":[{"href":"https:\/\/pferde-und-vergnuegen.de\/index.php?rest_route=\/wp\/v2\/pages\/266","targetHints":{"allow":["GET"]}}],"collection":[{"href":"https:\/\/pferde-und-vergnuegen.de\/index.php?rest_route=\/wp\/v2\/pages"}],"about":[{"href":"https:\/\/pferde-und-vergnuegen.de\/index.php?rest_route=\/wp\/v2\/types\/page"}],"author":[{"embeddable":true,"href":"https:\/\/pferde-und-vergnuegen.de\/index.php?rest_route=\/wp\/v2\/users\/1"}],"replies":[{"embeddable":true,"href":"https:\/\/pferde-und-vergnuegen.de\/index.php?rest_route=%2Fwp%2Fv2%2Fcomments&post=266"}],"version-history":[{"count":7,"href":"https:\/\/pferde-und-vergnuegen.de\/index.php?rest_route=\/wp\/v2\/pages\/266\/revisions"}],"predecessor-version":[{"id":350,"href":"https:\/\/pferde-und-vergnuegen.de\/index.php?rest_route=\/wp\/v2\/pages\/266\/revisions\/350"}],"wp:attachment":[{"href":"https:\/\/pferde-und-vergnuegen.de\/index.php?rest_route=%2Fwp%2Fv2%2Fmedia&parent=266"}],"curies":[{"name":"wp","href":"https:\/\/api.w.org\/{rel}","templated":true}]}}