{"id":123,"date":"2020-04-05T22:56:33","date_gmt":"2020-04-05T22:56:33","guid":{"rendered":"https:\/\/pferde-und-vergnuegen.de\/?page_id=123"},"modified":"2023-08-21T15:57:09","modified_gmt":"2023-08-21T13:57:09","slug":"ueber-mich-margot-graemer","status":"publish","type":"page","link":"https:\/\/pferde-und-vergnuegen.de\/?page_id=123","title":{"rendered":"-\u00fcber mich-"},"content":{"rendered":"\n<p><\/p>\n\n\n<div class=\"wp-block-image is-style-rounded\">\n<figure class=\"aligncenter size-large is-resized\"><img loading=\"lazy\" decoding=\"async\" src=\"https:\/\/pferde-und-vergnuegen.de\/wp-content\/uploads\/2020\/05\/FB_IMG_1590339760145.jpg\" alt=\"Portrait Margot Gr\u00e4mer\" class=\"wp-image-190\" style=\"width:218px;height:324px\" width=\"218\" height=\"324\" srcset=\"https:\/\/pferde-und-vergnuegen.de\/wp-content\/uploads\/2020\/05\/FB_IMG_1590339760145.jpg 211w, https:\/\/pferde-und-vergnuegen.de\/wp-content\/uploads\/2020\/05\/FB_IMG_1590339760145-202x300.jpg 202w\" sizes=\"auto, (max-width: 218px) 100vw, 218px\" \/><figcaption class=\"wp-element-caption\">Margot Gr\u00e4mer 2020<\/figcaption><\/figure>\n<\/div>\n\n\n<div class=\"wp-block-group\"><div class=\"wp-block-group__inner-container is-layout-flow wp-block-group-is-layout-flow\">\n<h4 class=\"wp-block-heading has-text-align-center\">-\u00dcber mich- Margot Gr\u00e4mer &#8211; Pferde &amp; Vergn\u00fcgen<\/h4>\n\n\n\n<p><span style=\"font-family: verdana, geneva, sans-serif; font-size: 14px;\">Pferde \u2013 diese besonderen, anmutigen Gesch\u00f6pfe. Seit ich denken kann, bestimmen sie mein Leben. Schon im Kindesalter f\u00fchrte meine unb\u00e4ndige Zuneigung zu den sanften Riesen zu etlichen Diskussionen, in den heimischen vier W\u00e4nden. Sei es am Fr\u00fchst\u00fccks-, Mittags- oder Abendtisch. Es gab stets nur ein Thema f\u00fcr mich. <\/span><br><span style=\"font-family: verdana, geneva, sans-serif; font-size: 14px;\">Meine Eltern hielten meine \u201ePferde-Sucht\u201c zun\u00e4chst f\u00fcr eine Krankheit. Die sich irgendwann selbst im Keim ersticken w\u00fcrde. Bis sie einsehen mussten.&nbsp;&nbsp; Das Ganze war unheilbar. Dabei ging und geht es mir nicht um das Prestige, ein Pferd zu \u201ebesitzen\u201c. Vielmehr wollte ich einfach nur meine Zeit mit ihnen verbringen. Ihre Sanftheit und ihr angenehmes Wesen sp\u00fcren. Von ihrer Aufrichtigkeit und sozialen Art lernen.<\/span><br><span style=\"font-family: verdana, geneva, sans-serif; font-size: 14px;\">Dadurch lernte ich auch viel -\u00fcber mich-<\/span><\/p>\n<p>&nbsp;<\/p>\n<\/div><\/div>\n\n\n\n<h4 class=\"wp-block-heading\">Erste Einsichten<\/h4>\n\n\n\n<p>1972 erhielt ich endlich den lang ersehnten Reitunterricht. <br>Um selbigen finanzieren zu k\u00f6nnen, half ich flei\u00dfig im Stall mit. Daf\u00fcr durfte ich mich auf Pferde schwingen, die andere nicht reiten wollten.  Weil sie zu &#8222;ungehorsam, zu schwierig&#8220; waren. Nach zahlreichen St\u00fcrze und etliche Blessuren merkte ich: \u201ePferde kann man nicht dominieren, Pferde muss man verstehen\u201c. <br>Ich begann  ihr Verhalten und ihre Reaktionen zu beobachten. Suchte nach Wegen, mit ihnen zu kommuniziern. Schlu\u00dfendlich,  lernte ich durch viele schmerzhafte Lektionen.  Das Pferden nicht der Sinn danach steht, dem Reiter nach dem Leben zu trachten. Sondern das jeder Tritt, Biss und auch Sturz schlicht ein Echo meines Handelns war.<br>Ich lernte -\u00fcber mich- von den Pferden zu lernen. <\/p>\n\n\n\n<p><\/p>\n\n\n\n<p>Weitere Entwicklung<\/p>\n\n\n\n<p>Mit den Jahren wurde mir der Umgang und die Arbeit mit Pferden immer vertrauter. Ich erweiterte meine Kenntnisse \u00fcber Haltungsformen sowie die Gesunderhaltung. Au\u00dferdem nahm ich  jede M\u00f6glichkeit wahr, um mich in der Ausbildung von Pferden zu schulen.  Erwarb das Silberne Reitabzeichen. Zudem sammelte ich Erfahrungen auf unz\u00e4hligen Turnieren, auf denen ich Pferdeleistungspr\u00fcfungen bis zur Klasse L in Dressur und Springen ritt. <\/p>\n\n\n\n<p>Im Jahr 2000 beschloss ich, mein Wissen mit anderen zu teilen und \u00fcbte mich als Reitlehrerin. Aus dieser Idee entwickelte sich eine eigene Reitschule mit acht Schulpferden, die ich zehn Jahre lang erfolgreich betrieb.<\/p>\n\n\n\n<h3 class=\"wp-block-heading has-text-align-center\">Reitschule Pferdekiz<\/h3>\n\n\n\n<p><\/p>\n\n\n\n<div class=\"wp-block-group\"><div class=\"wp-block-group__inner-container is-layout-flow wp-block-group-is-layout-flow\">\n<p style=\"text-align: center;\"><iframe loading=\"lazy\" src=\"https:\/\/www.youtube-nocookie.com\/embed\/NnCHJLYlw4M?controls=0\" allowfullscreen=\"allowfullscreen\" width=\"360\" height=\"215\" frameborder=\"0\"><\/iframe><\/p>\n<\/div><\/div>\n\n\n\n<p><\/p>\n\n\n\n<h4 class=\"wp-block-heading\">Fortbildung<\/h4>\n\n\n\n<p>W\u00e4hrend dieser Zeit habe  ich 2009 ein Fernstudium zur Reitsportmanagerin erfolgreich abgeschlossen.<br>Danach verbrachte ich drei Jahre auf dem Pferdeparadies Beckstein in Bernlohe.<br>Dort lernte ich viel \u00fcber Ofenstallhaltung und Herdenverhalten. Au\u00dferdem bildete ich Jungpferde und Fohlen aus. Machte gef\u00fchrte Ausritte und schulte das Reiten im Gel\u00e4nde.<br>Hier entwickelte ich auch die Idee mein Wissen auch online in dem Blog  Pferde &amp; Vergn\u00fcgen weiterzugeben. <br>Weiterhin erweiterte ich meine Kenntnisse durch die I. Lehre f\u00fcr geistiges Heilen, die ich 2016 erfolgreich abschloss.<\/p>\n\n\n\n<h4 class=\"wp-block-heading\">aktuelles Aufgabengebiet<\/h4>\n\n\n\n<p>2014 lernte ich den Jurahof in H\u00f6fen bei Freystadt kennen.  Hier habe ich ein  eine neue Heimat und ein gro\u00dfes Aufgabengebiet gefunden. Die Pferde hier sind meine Trainer und Lehrmeister.  Gemeinsam werden wir nun den Weg weitergehen&#8230;.<br><\/p>\n\n\n\n<h4 class=\"wp-block-heading\">Fazit<\/h4>\n\n\n\n<p>Nur wer bereit ist zuzuh\u00f6ren, wird Antworten finden\u2026.<br><\/p>\n\n\n\n<p><\/p>\n","protected":false},"excerpt":{"rendered":"<p>-\u00dcber mich- Margot Gr\u00e4mer &#8211; Pferde &amp; Vergn\u00fcgen Erste Einsichten 1972 erhielt ich endlich den lang ersehnten Reitunterricht. Um selbigen finanzieren zu k\u00f6nnen, half ich flei\u00dfig im Stall mit. Daf\u00fcr durfte ich mich auf Pferde schwingen, die andere nicht reiten wollten. Weil sie zu &#8222;ungehorsam, zu schwierig&#8220; waren. Nach zahlreichen St\u00fcrze und etliche Blessuren merkte [&hellip;]<\/p>\n","protected":false},"author":1,"featured_media":0,"parent":0,"menu_order":0,"comment_status":"closed","ping_status":"closed","template":"","meta":{"footnotes":""},"class_list":["post-123","page","type-page","status-publish","hentry","post-preview"],"yoast_head":"<!-- This site is optimized with the Yoast SEO plugin v27.6 - https:\/\/yoast.com\/product\/yoast-seo-wordpress\/ -->\n<title>- \u00fcber mich - Margot Gr\u00e4mer - Pferde &amp; Vergn\u00fcgen<\/title>\n<meta name=\"description\" content=\"-\u00fcber mich- Margot Gr\u00e4mer- Pferde &amp; Vergn\u00fcgen meine Vita beschreibt meinen Weg und Motivation zu der Arbeit mit Pferden und Menschen..\" \/>\n<meta name=\"robots\" content=\"index, follow, max-snippet:-1, max-image-preview:large, max-video-preview:-1\" \/>\n<link rel=\"canonical\" href=\"https:\/\/pferde-und-vergnuegen.de\/?page_id=123\" \/>\n<meta property=\"og:locale\" content=\"de_DE\" \/>\n<meta property=\"og:type\" content=\"article\" \/>\n<meta property=\"og:title\" content=\"- \u00fcber mich - Margot Gr\u00e4mer - Pferde &amp; Vergn\u00fcgen\" \/>\n<meta property=\"og:description\" content=\"-\u00fcber mich- Margot Gr\u00e4mer- Pferde &amp; Vergn\u00fcgen meine Vita beschreibt meinen Weg und Motivation zu der Arbeit mit Pferden und Menschen..\" \/>\n<meta property=\"og:url\" content=\"https:\/\/pferde-und-vergnuegen.de\/?page_id=123\" \/>\n<meta property=\"og:site_name\" content=\"Pferde und Vergn\u00fcgen\" \/>\n<meta property=\"article:modified_time\" content=\"2023-08-21T13:57:09+00:00\" \/>\n<meta property=\"og:image\" content=\"https:\/\/pferde-und-vergnuegen.de\/wp-content\/uploads\/2020\/05\/FB_IMG_1590339760145.jpg\" \/>\n<meta name=\"twitter:card\" content=\"summary_large_image\" \/>\n<meta name=\"twitter:label1\" content=\"Gesch\u00e4tzte Lesezeit\" \/>\n\t<meta name=\"twitter:data1\" content=\"3\u00a0Minuten\" \/>\n<script type=\"application\/ld+json\" class=\"yoast-schema-graph\">{\"@context\":\"https:\\\/\\\/schema.org\",\"@graph\":[{\"@type\":\"WebPage\",\"@id\":\"https:\\\/\\\/pferde-und-vergnuegen.de\\\/?page_id=123\",\"url\":\"https:\\\/\\\/pferde-und-vergnuegen.de\\\/?page_id=123\",\"name\":\"- \u00fcber mich - Margot Gr\u00e4mer - Pferde & Vergn\u00fcgen\",\"isPartOf\":{\"@id\":\"https:\\\/\\\/pferde-und-vergnuegen.de\\\/#website\"},\"primaryImageOfPage\":{\"@id\":\"https:\\\/\\\/pferde-und-vergnuegen.de\\\/?page_id=123#primaryimage\"},\"image\":{\"@id\":\"https:\\\/\\\/pferde-und-vergnuegen.de\\\/?page_id=123#primaryimage\"},\"thumbnailUrl\":\"https:\\\/\\\/pferde-und-vergnuegen.de\\\/wp-content\\\/uploads\\\/2020\\\/05\\\/FB_IMG_1590339760145.jpg\",\"datePublished\":\"2020-04-05T22:56:33+00:00\",\"dateModified\":\"2023-08-21T13:57:09+00:00\",\"description\":\"-\u00fcber mich- Margot Gr\u00e4mer- Pferde & Vergn\u00fcgen meine Vita beschreibt meinen Weg und Motivation zu der Arbeit mit Pferden und Menschen..\",\"breadcrumb\":{\"@id\":\"https:\\\/\\\/pferde-und-vergnuegen.de\\\/?page_id=123#breadcrumb\"},\"inLanguage\":\"de\",\"potentialAction\":[{\"@type\":\"ReadAction\",\"target\":[\"https:\\\/\\\/pferde-und-vergnuegen.de\\\/?page_id=123\"]}]},{\"@type\":\"ImageObject\",\"inLanguage\":\"de\",\"@id\":\"https:\\\/\\\/pferde-und-vergnuegen.de\\\/?page_id=123#primaryimage\",\"url\":\"https:\\\/\\\/pferde-und-vergnuegen.de\\\/wp-content\\\/uploads\\\/2020\\\/05\\\/FB_IMG_1590339760145.jpg\",\"contentUrl\":\"https:\\\/\\\/pferde-und-vergnuegen.de\\\/wp-content\\\/uploads\\\/2020\\\/05\\\/FB_IMG_1590339760145.jpg\",\"width\":211,\"height\":314,\"caption\":\"Portrait Margot Gr\u00e4mer\"},{\"@type\":\"BreadcrumbList\",\"@id\":\"https:\\\/\\\/pferde-und-vergnuegen.de\\\/?page_id=123#breadcrumb\",\"itemListElement\":[{\"@type\":\"ListItem\",\"position\":1,\"name\":\"Startseite\",\"item\":\"https:\\\/\\\/pferde-und-vergnuegen.de\\\/\"},{\"@type\":\"ListItem\",\"position\":2,\"name\":\"-\u00fcber mich-\"}]},{\"@type\":\"WebSite\",\"@id\":\"https:\\\/\\\/pferde-und-vergnuegen.de\\\/#website\",\"url\":\"https:\\\/\\\/pferde-und-vergnuegen.de\\\/\",\"name\":\"Pferde und Vergn\u00fcgen\",\"description\":\"von und mit Pferden lernen...\",\"publisher\":{\"@id\":\"https:\\\/\\\/pferde-und-vergnuegen.de\\\/#\\\/schema\\\/person\\\/8d8b1ad26739b8c78192eb9ccd4ff21e\"},\"potentialAction\":[{\"@type\":\"SearchAction\",\"target\":{\"@type\":\"EntryPoint\",\"urlTemplate\":\"https:\\\/\\\/pferde-und-vergnuegen.de\\\/?s={search_term_string}\"},\"query-input\":{\"@type\":\"PropertyValueSpecification\",\"valueRequired\":true,\"valueName\":\"search_term_string\"}}],\"inLanguage\":\"de\"},{\"@type\":[\"Person\",\"Organization\"],\"@id\":\"https:\\\/\\\/pferde-und-vergnuegen.de\\\/#\\\/schema\\\/person\\\/8d8b1ad26739b8c78192eb9ccd4ff21e\",\"name\":\"Margot Gr\u00e4mer\",\"image\":{\"@type\":\"ImageObject\",\"inLanguage\":\"de\",\"@id\":\"https:\\\/\\\/secure.gravatar.com\\\/avatar\\\/4d5cd4b681c848bdd666a6fa2ddfdf807974c81e8180edb587f8281663cdc100?s=96&d=mm&r=g\",\"url\":\"https:\\\/\\\/secure.gravatar.com\\\/avatar\\\/4d5cd4b681c848bdd666a6fa2ddfdf807974c81e8180edb587f8281663cdc100?s=96&d=mm&r=g\",\"contentUrl\":\"https:\\\/\\\/secure.gravatar.com\\\/avatar\\\/4d5cd4b681c848bdd666a6fa2ddfdf807974c81e8180edb587f8281663cdc100?s=96&d=mm&r=g\",\"caption\":\"Margot Gr\u00e4mer\"},\"logo\":{\"@id\":\"https:\\\/\\\/secure.gravatar.com\\\/avatar\\\/4d5cd4b681c848bdd666a6fa2ddfdf807974c81e8180edb587f8281663cdc100?s=96&d=mm&r=g\"},\"sameAs\":[\"https:\\\/\\\/pferde-und-vergnuegen.de\"]}]}<\/script>\n<!-- \/ Yoast SEO plugin. -->","yoast_head_json":{"title":"- \u00fcber mich - Margot Gr\u00e4mer - Pferde & Vergn\u00fcgen","description":"-\u00fcber mich- Margot Gr\u00e4mer- Pferde & Vergn\u00fcgen meine Vita beschreibt meinen Weg und Motivation zu der Arbeit mit Pferden und Menschen..","robots":{"index":"index","follow":"follow","max-snippet":"max-snippet:-1","max-image-preview":"max-image-preview:large","max-video-preview":"max-video-preview:-1"},"canonical":"https:\/\/pferde-und-vergnuegen.de\/?page_id=123","og_locale":"de_DE","og_type":"article","og_title":"- \u00fcber mich - Margot Gr\u00e4mer - Pferde & Vergn\u00fcgen","og_description":"-\u00fcber mich- Margot Gr\u00e4mer- Pferde & Vergn\u00fcgen meine Vita beschreibt meinen Weg und Motivation zu der Arbeit mit Pferden und Menschen..","og_url":"https:\/\/pferde-und-vergnuegen.de\/?page_id=123","og_site_name":"Pferde und Vergn\u00fcgen","article_modified_time":"2023-08-21T13:57:09+00:00","og_image":[{"url":"https:\/\/pferde-und-vergnuegen.de\/wp-content\/uploads\/2020\/05\/FB_IMG_1590339760145.jpg","type":"","width":"","height":""}],"twitter_card":"summary_large_image","twitter_misc":{"Gesch\u00e4tzte Lesezeit":"3\u00a0Minuten"},"schema":{"@context":"https:\/\/schema.org","@graph":[{"@type":"WebPage","@id":"https:\/\/pferde-und-vergnuegen.de\/?page_id=123","url":"https:\/\/pferde-und-vergnuegen.de\/?page_id=123","name":"- \u00fcber mich - Margot Gr\u00e4mer - Pferde & Vergn\u00fcgen","isPartOf":{"@id":"https:\/\/pferde-und-vergnuegen.de\/#website"},"primaryImageOfPage":{"@id":"https:\/\/pferde-und-vergnuegen.de\/?page_id=123#primaryimage"},"image":{"@id":"https:\/\/pferde-und-vergnuegen.de\/?page_id=123#primaryimage"},"thumbnailUrl":"https:\/\/pferde-und-vergnuegen.de\/wp-content\/uploads\/2020\/05\/FB_IMG_1590339760145.jpg","datePublished":"2020-04-05T22:56:33+00:00","dateModified":"2023-08-21T13:57:09+00:00","description":"-\u00fcber mich- Margot Gr\u00e4mer- Pferde & Vergn\u00fcgen meine Vita beschreibt meinen Weg und Motivation zu der Arbeit mit Pferden und Menschen..","breadcrumb":{"@id":"https:\/\/pferde-und-vergnuegen.de\/?page_id=123#breadcrumb"},"inLanguage":"de","potentialAction":[{"@type":"ReadAction","target":["https:\/\/pferde-und-vergnuegen.de\/?page_id=123"]}]},{"@type":"ImageObject","inLanguage":"de","@id":"https:\/\/pferde-und-vergnuegen.de\/?page_id=123#primaryimage","url":"https:\/\/pferde-und-vergnuegen.de\/wp-content\/uploads\/2020\/05\/FB_IMG_1590339760145.jpg","contentUrl":"https:\/\/pferde-und-vergnuegen.de\/wp-content\/uploads\/2020\/05\/FB_IMG_1590339760145.jpg","width":211,"height":314,"caption":"Portrait Margot Gr\u00e4mer"},{"@type":"BreadcrumbList","@id":"https:\/\/pferde-und-vergnuegen.de\/?page_id=123#breadcrumb","itemListElement":[{"@type":"ListItem","position":1,"name":"Startseite","item":"https:\/\/pferde-und-vergnuegen.de\/"},{"@type":"ListItem","position":2,"name":"-\u00fcber mich-"}]},{"@type":"WebSite","@id":"https:\/\/pferde-und-vergnuegen.de\/#website","url":"https:\/\/pferde-und-vergnuegen.de\/","name":"Pferde und Vergn\u00fcgen","description":"von und mit Pferden lernen...","publisher":{"@id":"https:\/\/pferde-und-vergnuegen.de\/#\/schema\/person\/8d8b1ad26739b8c78192eb9ccd4ff21e"},"potentialAction":[{"@type":"SearchAction","target":{"@type":"EntryPoint","urlTemplate":"https:\/\/pferde-und-vergnuegen.de\/?s={search_term_string}"},"query-input":{"@type":"PropertyValueSpecification","valueRequired":true,"valueName":"search_term_string"}}],"inLanguage":"de"},{"@type":["Person","Organization"],"@id":"https:\/\/pferde-und-vergnuegen.de\/#\/schema\/person\/8d8b1ad26739b8c78192eb9ccd4ff21e","name":"Margot Gr\u00e4mer","image":{"@type":"ImageObject","inLanguage":"de","@id":"https:\/\/secure.gravatar.com\/avatar\/4d5cd4b681c848bdd666a6fa2ddfdf807974c81e8180edb587f8281663cdc100?s=96&d=mm&r=g","url":"https:\/\/secure.gravatar.com\/avatar\/4d5cd4b681c848bdd666a6fa2ddfdf807974c81e8180edb587f8281663cdc100?s=96&d=mm&r=g","contentUrl":"https:\/\/secure.gravatar.com\/avatar\/4d5cd4b681c848bdd666a6fa2ddfdf807974c81e8180edb587f8281663cdc100?s=96&d=mm&r=g","caption":"Margot Gr\u00e4mer"},"logo":{"@id":"https:\/\/secure.gravatar.com\/avatar\/4d5cd4b681c848bdd666a6fa2ddfdf807974c81e8180edb587f8281663cdc100?s=96&d=mm&r=g"},"sameAs":["https:\/\/pferde-und-vergnuegen.de"]}]}},"_links":{"self":[{"href":"https:\/\/pferde-und-vergnuegen.de\/index.php?rest_route=\/wp\/v2\/pages\/123","targetHints":{"allow":["GET"]}}],"collection":[{"href":"https:\/\/pferde-und-vergnuegen.de\/index.php?rest_route=\/wp\/v2\/pages"}],"about":[{"href":"https:\/\/pferde-und-vergnuegen.de\/index.php?rest_route=\/wp\/v2\/types\/page"}],"author":[{"embeddable":true,"href":"https:\/\/pferde-und-vergnuegen.de\/index.php?rest_route=\/wp\/v2\/users\/1"}],"replies":[{"embeddable":true,"href":"https:\/\/pferde-und-vergnuegen.de\/index.php?rest_route=%2Fwp%2Fv2%2Fcomments&post=123"}],"version-history":[{"count":59,"href":"https:\/\/pferde-und-vergnuegen.de\/index.php?rest_route=\/wp\/v2\/pages\/123\/revisions"}],"predecessor-version":[{"id":304,"href":"https:\/\/pferde-und-vergnuegen.de\/index.php?rest_route=\/wp\/v2\/pages\/123\/revisions\/304"}],"wp:attachment":[{"href":"https:\/\/pferde-und-vergnuegen.de\/index.php?rest_route=%2Fwp%2Fv2%2Fmedia&parent=123"}],"curies":[{"name":"wp","href":"https:\/\/api.w.org\/{rel}","templated":true}]}}